{"id":71307,"date":"2025-05-06T12:59:50","date_gmt":"2025-05-06T12:59:50","guid":{"rendered":"https:\/\/www.artphotoevaluna.com\/?page_id=71307"},"modified":"2025-06-03T12:21:18","modified_gmt":"2025-06-03T12:21:18","slug":"rispetto-privacy","status":"publish","type":"page","link":"https:\/\/www.artphotoevaluna.com\/it\/rispetto-privacy\/","title":{"rendered":"Rispetto della Privacy"},"content":{"rendered":"<div class=\"wpb-content-wrapper\"><p>[vc_row type=&#8221;vc_default&#8221; min_height=&#8221;650px&#8221;][vc_column]\n\t\t\t<!-- START Rispetto della Privacy REVOLUTION SLIDER 6.7.32 --><p class=\"rs-p-wp-fix\"><\/p>\n\t\t\t<rs-module-wrap id=\"rev_slider_98_1_wrapper\" data-source=\"gallery\" style=\"visibility:hidden;background:transparent;padding:0;margin:0px auto;margin-top:0;margin-bottom:0;\">\n\t\t\t\t<rs-module id=\"rev_slider_98_1\" style=\"\" data-version=\"6.7.32\">\n\t\t\t\t\t<rs-slides style=\"overflow: hidden; position: absolute;\">\n\t\t\t\t\t\t<rs-slide style=\"position: absolute;\" data-key=\"rs-500\" data-title=\"Sunglasses\" data-duration=\"3640\" data-anim=\"ms:600;\" data-in=\"o:0;\" data-out=\"a:false;\">\n\t\t\t\t\t\t\t<img decoding=\"async\" src=\"\/\/www.artphotoevaluna.com\/wp-content\/plugins\/revslider\/sr6\/assets\/assets\/dummy.png\" alt=\"Sunglasses\" title=\"Rispetto della Privacy\" class=\"rev-slidebg tp-rs-img rs-lazyload\" data-lazyload=\"\/\/www.artphotoevaluna.com\/wp-content\/plugins\/revslider\/sr6\/assets\/assets\/transparent.png\" data-bg=\"c:#c7c7cc;\" data-no-retina>\n<!--\n\t\t\t\t\t\t\t--><rs-group\n\t\t\t\t\t\t\t\tid=\"slider-98-slide-500-layer-19\" \n\t\t\t\t\t\t\t\tdata-type=\"group\"\n\t\t\t\t\t\t\t\tdata-rsp_ch=\"on\"\n\t\t\t\t\t\t\t\tdata-xy=\"x:c;y:m;\"\n\t\t\t\t\t\t\t\tdata-text=\"w:normal;s:20,18,9,7;l:0,23,12,9;\"\n\t\t\t\t\t\t\t\tdata-dim=\"w:900px,900px,700px,500px;h:200px,187px,200px,200px;\"\n\t\t\t\t\t\t\t\tdata-frame_0=\"o:1;\"\n\t\t\t\t\t\t\t\tdata-frame_999=\"o:0;st:w;sR:3340;sA:3640;\"\n\t\t\t\t\t\t\t\tstyle=\"z-index:9;\"\n\t\t\t\t\t\t\t><!--\n\t\t\t\t\t\t\t\t--><h1\n\t\t\t\t\t\t\t\t\tid=\"slider-98-slide-500-layer-12\" \n\t\t\t\t\t\t\t\t\tclass=\"rs-layer\"\n\t\t\t\t\t\t\t\t\tdata-type=\"text\"\n\t\t\t\t\t\t\t\t\tdata-rsp_ch=\"on\"\n\t\t\t\t\t\t\t\t\tdata-xy=\"x:c;y:m;yo:-40px,-40px,-32px,-30px;\"\n\t\t\t\t\t\t\t\t\tdata-pos=\"a\"\n\t\t\t\t\t\t\t\t\tdata-text=\"s:80,80,60,34;l:90,90,70,44;ls:10px;a:inherit;\"\n\t\t\t\t\t\t\t\t\tdata-basealign=\"group\"\n\t\t\t\t\t\t\t\t\tdata-frame_0=\"y:-100%;o:1;\"\n\t\t\t\t\t\t\t\t\tdata-frame_0_mask=\"u:t;\"\n\t\t\t\t\t\t\t\t\tdata-frame_1=\"st:500;sp:1300;sR:500;\"\n\t\t\t\t\t\t\t\t\tdata-frame_1_mask=\"u:t;\"\n\t\t\t\t\t\t\t\t\tdata-frame_999=\"o:0;st:w;sR:1840;\"\n\t\t\t\t\t\t\t\t\tstyle=\"z-index:8;font-family:'Poppins';text-transform:uppercase;\"\n\t\t\t\t\t\t\t\t>artphoto evaluna \n\t\t\t\t\t\t\t\t<\/h1><!--\n\n\t\t\t\t\t\t\t\t--><a\n\t\t\t\t\t\t\t\t\tid=\"slider-98-slide-500-layer-24\" \n\t\t\t\t\t\t\t\t\tclass=\"rs-layer rev-btn\"\n\t\t\t\t\t\t\t\t\thref=\"https:\/\/wa.me\/393248975577\" target=\"_self\"\n\t\t\t\t\t\t\t\t\tdata-type=\"button\"\n\t\t\t\t\t\t\t\t\tdata-rsp_ch=\"on\"\n\t\t\t\t\t\t\t\t\tdata-xy=\"x:c;y:m;yo:44px,41px,35px,26px;\"\n\t\t\t\t\t\t\t\t\tdata-pos=\"a\"\n\t\t\t\t\t\t\t\t\tdata-text=\"w:normal;s:24,22,20,18;l:28,26,26,24;\"\n\t\t\t\t\t\t\t\t\tdata-dim=\"minh:0px,none,none,none;\"\n\t\t\t\t\t\t\t\t\tdata-basealign=\"group\"\n\t\t\t\t\t\t\t\t\tdata-padding=\"t:10,9,5,4;r:45,42,22,18;b:10,9,5,4;l:45,42,22,18;\"\n\t\t\t\t\t\t\t\t\tdata-border=\"bos:solid;boc:#ffffff;bow:2px,2px,2px,2px;\"\n\t\t\t\t\t\t\t\t\tdata-frame_0=\"y:50,46,24,19;\"\n\t\t\t\t\t\t\t\t\tdata-frame_1=\"st:700;sp:1300;sR:700;\"\n\t\t\t\t\t\t\t\t\tdata-frame_999=\"o:0;st:w;sR:1640;\"\n\t\t\t\t\t\t\t\t\tdata-frame_hover=\"c:#fff;bgc:rgba(255,255,255,0.35);boc:#fff;bor:0px,0px,0px,0px;bos:solid;bow:2px,2px,2px,2px;\"\n\t\t\t\t\t\t\t\t\tstyle=\"z-index:7;background-color:rgba(255,255,255,0.15);font-family:'Poppins';\"\n\t\t\t\t\t\t\t\t>Contattaci \n\t\t\t\t\t\t\t\t<\/a><!--\n\n\t\t\t\t\t\t\t\t--><rs-layer\n\t\t\t\t\t\t\t\t\tid=\"slider-98-slide-500-layer-6\" \n\t\t\t\t\t\t\t\t\tdata-type=\"shape\"\n\t\t\t\t\t\t\t\t\tdata-rsp_ch=\"on\"\n\t\t\t\t\t\t\t\t\tdata-xy=\"x:c;y:m;\"\n\t\t\t\t\t\t\t\t\tdata-pos=\"a\"\n\t\t\t\t\t\t\t\t\tdata-text=\"w:normal;s:20,18,9,7;l:0,23,12,9;\"\n\t\t\t\t\t\t\t\t\tdata-dim=\"w:950px,350px,320px,260px;h:200px,187px,160px,140px;\"\n\t\t\t\t\t\t\t\t\tdata-basealign=\"group\"\n\t\t\t\t\t\t\t\t\tdata-blendmode=\"exclusion\"\n\t\t\t\t\t\t\t\t\tdata-frame_999=\"o:0;st:w;sR:3340;\"\n\t\t\t\t\t\t\t\t\tstyle=\"z-index:6;background-color:rgba(47,72,88,0.4);\"\n\t\t\t\t\t\t\t\t> \n\t\t\t\t\t\t\t\t<\/rs-layer><!--\n\t\t\t\t\t\t\t--><\/rs-group><!--\n\n\t\t\t\t\t\t\t--><rs-layer\n\t\t\t\t\t\t\t\tid=\"slider-98-slide-500-layer-0\" \n\t\t\t\t\t\t\t\tdata-type=\"image\"\n\t\t\t\t\t\t\t\tdata-rsp_ch=\"on\"\n\t\t\t\t\t\t\t\tdata-xy=\"xo:50px,46px,24px,0;yo:50px,46px,24px,0;\"\n\t\t\t\t\t\t\t\tdata-text=\"w:normal;s:20,18,9,7;l:0,23,12,9;\"\n\t\t\t\t\t\t\t\tdata-dim=\"w:300px,281px,149px,650px;h:180px,168px,89px,400px;\"\n\t\t\t\t\t\t\t\tdata-vbility=\"f,f,f,t\"\n\t\t\t\t\t\t\t\tdata-frame_1=\"sp:1200;\"\n\t\t\t\t\t\t\t\tdata-frame_999=\"o:0;st:w;sR:2440;\"\n\t\t\t\t\t\t\t\tstyle=\"z-index:8;\"\n\t\t\t\t\t\t\t><img decoding=\"async\" src=\"\/\/www.artphotoevaluna.com\/wp-content\/plugins\/revslider\/sr6\/assets\/assets\/dummy.png\" alt=\"\" class=\"tp-rs-img rs-lazyload\" width=\"650\" height=\"400\" data-lazyload=\"\/\/www.artphotoevaluna.com\/wp-content\/uploads\/2025\/05\/privacy_slide1_smartphone.png\" data-no-retina> \n\t\t\t\t\t\t\t<\/rs-layer><!--\n\n\t\t\t\t\t\t\t--><rs-layer\n\t\t\t\t\t\t\t\tid=\"slider-98-slide-500-layer-17\" \n\t\t\t\t\t\t\t\tdata-type=\"image\"\n\t\t\t\t\t\t\t\tdata-rsp_ch=\"on\"\n\t\t\t\t\t\t\t\tdata-xy=\"xo:-1px,0,0,0;yo:-1px,0,0,0;\"\n\t\t\t\t\t\t\t\tdata-text=\"w:normal;s:20,18,9,7;l:0,23,12,9;\"\n\t\t\t\t\t\t\t\tdata-dim=\"w:[&#039;50%&#039;,&#039;50%&#039;,&#039;50%&#039;,&#039;50%&#039;];\"\n\t\t\t\t\t\t\t\tdata-vbility=\"t,t,t,f\"\n\t\t\t\t\t\t\t\tdata-basealign=\"slide\"\n\t\t\t\t\t\t\t\tdata-frame_0=\"y:-50,-46,-24,-19;\"\n\t\t\t\t\t\t\t\tdata-frame_1=\"sp:1200;\"\n\t\t\t\t\t\t\t\tdata-frame_999=\"o:0;st:w;sR:2440;\"\n\t\t\t\t\t\t\t\tstyle=\"z-index:6;\"\n\t\t\t\t\t\t\t><img decoding=\"async\" src=\"\/\/www.artphotoevaluna.com\/wp-content\/plugins\/revslider\/sr6\/assets\/assets\/dummy.png\" alt=\"\" class=\"tp-rs-img rs-lazyload\" width=\"975\" height=\"650\" data-lazyload=\"\/\/www.artphotoevaluna.com\/wp-content\/uploads\/2025\/05\/privacy_slide2.jpg\" data-no-retina> \n\t\t\t\t\t\t\t<\/rs-layer><!--\n\n\t\t\t\t\t\t\t--><rs-layer\n\t\t\t\t\t\t\t\tid=\"slider-98-slide-500-layer-18\" \n\t\t\t\t\t\t\t\tdata-type=\"image\"\n\t\t\t\t\t\t\t\tdata-rsp_ch=\"on\"\n\t\t\t\t\t\t\t\tdata-xy=\"x:r;yo:-1px,0,0,0;\"\n\t\t\t\t\t\t\t\tdata-text=\"w:normal;s:20,18,9,7;l:0,23,12,9;\"\n\t\t\t\t\t\t\t\tdata-dim=\"w:[&#039;50%&#039;,&#039;50%&#039;,&#039;50%&#039;,&#039;50%&#039;];\"\n\t\t\t\t\t\t\t\tdata-vbility=\"t,t,t,f\"\n\t\t\t\t\t\t\t\tdata-basealign=\"slide\"\n\t\t\t\t\t\t\t\tdata-frame_0=\"y:50,46,24,19;\"\n\t\t\t\t\t\t\t\tdata-frame_1=\"sp:1200;\"\n\t\t\t\t\t\t\t\tdata-frame_999=\"o:0;st:w;sR:2440;\"\n\t\t\t\t\t\t\t\tstyle=\"z-index:7;\"\n\t\t\t\t\t\t\t><img decoding=\"async\" src=\"\/\/www.artphotoevaluna.com\/wp-content\/plugins\/revslider\/sr6\/assets\/assets\/dummy.png\" alt=\"\" class=\"tp-rs-img rs-lazyload\" width=\"975\" height=\"650\" data-lazyload=\"\/\/www.artphotoevaluna.com\/wp-content\/uploads\/2025\/05\/privacy_slide1.png\" data-no-retina> \n\t\t\t\t\t\t\t<\/rs-layer><!--\n-->\t\t\t\t\t<\/rs-slide>\n\t\t\t\t\t<\/rs-slides>\n\t\t\t\t<\/rs-module>\n\t\t\t\t<script>\n\t\t\t\t\tsetREVStartSize({c: 'rev_slider_98_1',rl:[1240,1024,778,480],el:[650,600,500,400],gw:[1600,1500,800,650],gh:[650,600,500,400],type:'standard',justify:'',layout:'fullwidth',mh:\"0\"});if (window.RS_MODULES!==undefined && window.RS_MODULES.modules!==undefined && window.RS_MODULES.modules[\"revslider981\"]!==undefined) {window.RS_MODULES.modules[\"revslider981\"].once = false;window.revapi98 = undefined;if (window.RS_MODULES.checkMinimal!==undefined) window.RS_MODULES.checkMinimal()}\n\t\t\t\t<\/script>\n\t\t\t<\/rs-module-wrap>\n\t\t\t<!-- END REVOLUTION SLIDER -->\n[\/vc_column][\/vc_row][vc_row][vc_column][\/vc_column][\/vc_row][vc_row type=&#8221;vc_default&#8221;][vc_column offset=&#8221;vc_hidden-sm vc_hidden-xs&#8221;][vc_empty_space][vc_empty_space][vc_empty_space][\/vc_column][\/vc_row][vc_row full_width=&#8221;stretch_row_content&#8221; equal_height=&#8221;yes&#8221; content_placement=&#8221;middle&#8221; bg_type=&#8221;bg_color&#8221; bg_override=&#8221;ex-full&#8221; type=&#8221;vc_default&#8221; css=&#8221;.vc_custom_1747398857715{padding-right: 60px !important;padding-left: 60px !important;background-color: #ffffff !important;}&#8221; bg_color_value=&#8221;#ffffff&#8221; el_class=&#8221;hide-mobile-paddings&#8221;][vc_column css=&#8221;.vc_custom_1742397427639{padding-top: 40px !important;padding-bottom: 60px !important;padding-left: 60px !important;}&#8221; offset=&#8221;vc_col-lg-offset-0 vc_col-lg-5 vc_col-md-offset-0 vc_col-md-6&#8243;][vc_column_text css=&#8221;&#8221;]<\/p>\n<h1 class=\"p1\">Il rispetto della privacy.<\/h1>\n<p>[\/vc_column_text][vc_column_text css=&#8221;&#8221;]<\/p>\n<p class=\"p1\"><span class=\"s1\">Conciliare fotografia e rispetto della privacy \u00e8 fondamentale per Artphoto Evaluna.<br \/>\nProprio per questo motivo cerchiamo di attuare ogni comportamento utile al fine di tutelare le immagini che i nostri clienti ci affidano.<\/span><\/p>\n<p class=\"p1\"><span class=\"s1\">Conosciamo bene il\u00a0<strong>valore della riservatezza<\/strong>.<br \/>\nL\u2019importanza che i nostri clienti ripongono nel veder trattate con la giusta attenzione le proprie fotografie, ci impone da sempre un\u2019attenzione costante all\u2019interno del nostro Workflow.<\/span><\/p>\n<p class=\"p1\"><span class=\"s1\">Nelle foto che riceviamo per creare gli album, ci sono affetti e sensibilit\u00e0 che intendiamo\u00a0<strong>rispettare scrupolosamente<\/strong>.<\/span><\/p>\n<p class=\"p1\"><span class=\"s1\">Nel corso di oltre 20 anni di attivit\u00e0, ci \u00e8 capitato di realizzare album per Politici, Manager, Sportivi famosi, Influencer e Artisti di fama, ma non \u00e8 soltanto a loro che dobbiamo la nostra attenzione. Allo stesso modo la garantiamo alle persone che richiedono la tutela per la riservatezza del proprio matrimonio o alla futura mamma che desidera acquistare un Pregnancy Album e non di meno ai genitori che realizzano i meravigliosi\u00a0Portrait Book\u00a0e sono preoccupati della gestione delle foto dei loro figli.<\/span><\/p>\n<p class=\"p1\"><span class=\"s1\">Fotografia e Rispetto della Privacy sono elementi inscindibili. Per questo con il nostro Team condividiamo dei precisi <strong>canoni di comportamento<\/strong>\u00a0ai quali non siamo mai venuti meno, teniamo molto ai nostri Clienti ed alla nostra reputazione.<\/span><\/p>\n<p>[\/vc_column_text][\/vc_column][vc_column css=&#8221;.vc_custom_1747398866956{margin-top: 0px !important;margin-right: 0px !important;margin-bottom: 0px !important;margin-left: 0px !important;border-top-width: 0px !important;border-right-width: 0px !important;border-bottom-width: 0px !important;border-left-width: 0px !important;padding-top: 0px !important;padding-right: 0px !important;padding-bottom: 0px !important;padding-left: 0px !important;background-color: #F5F5F5 !important;}&#8221; offset=&#8221;vc_col-lg-offset-1 vc_col-lg-6 vc_col-md-offset-0 vc_col-md-6&#8243;]<div id=\"ult-carousel-199374892669f0a56d1acab\" class=\"ult-carousel-wrapper  vc_custom_1457102400244  ult_horizontal\" data-gutter=\"15\" data-rtl=\"false\" ><div class=\"ult-carousel-111326424069f0a56d1aa36 \" ><div class=\"ult-item-wrap\" data-animation=\"animated no-animation\"><div class=\"ult-content-box-container \" >\t\t<div class=\"ult-content-box\" style=\"-webkit-transition: all 700ms ease;-moz-transition: all 700ms ease;-ms-transition: all 700ms ease;-o-transition: all 700ms ease;transition: all 700ms ease;\"    >[vc_single_image image=&#8221;71839&#8243; img_size=&#8221;full&#8221; alignment=&#8221;center&#8221; css=&#8221;&#8221;]\t\t<\/div><\/div><\/div><\/div><\/div>\t\t\t<script type=\"text\/javascript\">\n\t\t\t\tjQuery(document).ready(function ($) {\n\t\t\t\t\tif( typeof jQuery('.ult-carousel-111326424069f0a56d1aa36').slick == \"function\"){\n\t\t\t\t\t\t$('.ult-carousel-111326424069f0a56d1aa36').slick({dots: true,autoplaySpeed: \"5000\",speed: \"600\",infinite: true,arrows: true,nextArrow: '<button type=\"button\" role=\"button\" aria-label=\"Next\" style=\"color:#333333; font-size:28px;\" class=\"slick-next default\"><i class=\"ultsl-arrow-right6\"><\/i><\/button>',prevArrow: '<button type=\"button\" role=\"button\" aria-label=\"Previous\" style=\"color:#333333; font-size:28px;\" class=\"slick-prev default\"><i class=\"ultsl-arrow-left6\"><\/i><\/button>',slidesToScroll:1,slidesToShow:1,swipe: true,draggable: true,touchMove: true,pauseOnHover: true,pauseOnFocus: false,responsive: [\n\t\t\t\t\t\t\t{\n\t\t\t\t\t\t\t  breakpoint: 1026,\n\t\t\t\t\t\t\t  settings: {\n\t\t\t\t\t\t\t\tslidesToShow: 1,\n\t\t\t\t\t\t\t\tslidesToScroll: 1,  \n\t\t\t\t\t\t\t  }\n\t\t\t\t\t\t\t},\n\t\t\t\t\t\t\t{\n\t\t\t\t\t\t\t  breakpoint: 1025,\n\t\t\t\t\t\t\t  settings: {\n\t\t\t\t\t\t\t\tslidesToShow: 1,\n\t\t\t\t\t\t\t\tslidesToScroll: 1\n\t\t\t\t\t\t\t  }\n\t\t\t\t\t\t\t},\n\t\t\t\t\t\t\t{\n\t\t\t\t\t\t\t  breakpoint: 760,\n\t\t\t\t\t\t\t  settings: {\n\t\t\t\t\t\t\t\tslidesToShow: 1,\n\t\t\t\t\t\t\t\tslidesToScroll: 1\n\t\t\t\t\t\t\t  }\n\t\t\t\t\t\t\t}\n\t\t\t\t\t\t],pauseOnDotsHover: true,customPaging: function(slider, i) {\n                   return '<i type=\"button\" style= \"color:#333333;\" class=\"ultsl-record\" data-role=\"none\"><\/i>';\n                },});\n\t\t\t\t\t}\n\t\t\t\t});\n\t\t\t<\/script>\n\t\t\t[\/vc_column][\/vc_row][vc_row full_width=&#8221;stretch_row_content&#8221; equal_height=&#8221;yes&#8221; content_placement=&#8221;middle&#8221; ult_hide_row=&#8221;ult_hide_row_value&#8221; ult_hide_row_tablet=&#8221;tablet&#8221; ult_hide_row_tablet_small=&#8221;xs_tablet&#8221; ult_hide_row_mobile=&#8221;mobile&#8221; ult_hide_row_mobile_large=&#8221;xl_mobile&#8221; type=&#8221;vc_default&#8221; css=&#8221;.vc_custom_1456743056656{padding-right: 60px !important;padding-left: 60px !important;}&#8221; el_class=&#8221;hide-mobile-paddings&#8221;][vc_column css=&#8221;.vc_custom_1747398874079{margin-top: 0px !important;margin-right: 0px !important;margin-bottom: 0px !important;margin-left: 0px !important;border-top-width: 0px !important;border-right-width: 0px !important;border-bottom-width: 0px !important;border-left-width: 0px !important;padding-top: 0px !important;padding-right: 0px !important;padding-bottom: 0px !important;padding-left: 0px !important;background-color: #f5f5f5 !important;}&#8221; offset=&#8221;vc_col-lg-6 vc_col-md-6&#8243; el_class=&#8221;mobile-order-2&#8243;]<div id=\"ult-carousel-293505327169f0a56d1b09c\" class=\"ult-carousel-wrapper  vc_custom_1457102400244  ult_horizontal\" data-gutter=\"15\" data-rtl=\"false\" ><div class=\"ult-carousel-324643925269f0a56d1b025 \" ><div class=\"ult-item-wrap\" data-animation=\"animated no-animation\"><div class=\"ult-content-box-container \" >\t\t<div class=\"ult-content-box\" style=\"-webkit-transition: all 700ms ease;-moz-transition: all 700ms ease;-ms-transition: all 700ms ease;-o-transition: all 700ms ease;transition: all 700ms ease;\"    >[vc_single_image image=&#8221;71835&#8243; img_size=&#8221;full&#8221; alignment=&#8221;center&#8221; css=&#8221;&#8221;]\t\t<\/div><\/div><\/div><\/div><\/div>\t\t\t<script type=\"text\/javascript\">\n\t\t\t\tjQuery(document).ready(function ($) {\n\t\t\t\t\tif( typeof jQuery('.ult-carousel-324643925269f0a56d1b025').slick == \"function\"){\n\t\t\t\t\t\t$('.ult-carousel-324643925269f0a56d1b025').slick({dots: true,autoplaySpeed: \"5000\",speed: \"600\",infinite: true,arrows: true,nextArrow: '<button type=\"button\" role=\"button\" aria-label=\"Next\" style=\"color:#333333; font-size:28px;\" class=\"slick-next default\"><i class=\"ultsl-arrow-right6\"><\/i><\/button>',prevArrow: '<button type=\"button\" role=\"button\" aria-label=\"Previous\" style=\"color:#333333; font-size:28px;\" class=\"slick-prev default\"><i class=\"ultsl-arrow-left6\"><\/i><\/button>',slidesToScroll:1,slidesToShow:1,swipe: true,draggable: true,touchMove: true,pauseOnHover: true,pauseOnFocus: false,responsive: [\n\t\t\t\t\t\t\t{\n\t\t\t\t\t\t\t  breakpoint: 1026,\n\t\t\t\t\t\t\t  settings: {\n\t\t\t\t\t\t\t\tslidesToShow: 1,\n\t\t\t\t\t\t\t\tslidesToScroll: 1,  \n\t\t\t\t\t\t\t  }\n\t\t\t\t\t\t\t},\n\t\t\t\t\t\t\t{\n\t\t\t\t\t\t\t  breakpoint: 1025,\n\t\t\t\t\t\t\t  settings: {\n\t\t\t\t\t\t\t\tslidesToShow: 1,\n\t\t\t\t\t\t\t\tslidesToScroll: 1\n\t\t\t\t\t\t\t  }\n\t\t\t\t\t\t\t},\n\t\t\t\t\t\t\t{\n\t\t\t\t\t\t\t  breakpoint: 760,\n\t\t\t\t\t\t\t  settings: {\n\t\t\t\t\t\t\t\tslidesToShow: 1,\n\t\t\t\t\t\t\t\tslidesToScroll: 1\n\t\t\t\t\t\t\t  }\n\t\t\t\t\t\t\t}\n\t\t\t\t\t\t],pauseOnDotsHover: true,customPaging: function(slider, i) {\n                   return '<i type=\"button\" style= \"color:#333333;\" class=\"ultsl-record\" data-role=\"none\"><\/i>';\n                },});\n\t\t\t\t\t}\n\t\t\t\t});\n\t\t\t<\/script>\n\t\t\t[\/vc_column][vc_column css=&#8221;.vc_custom_1747398879617{margin-top: 0px !important;margin-right: 0px !important;margin-bottom: 0px !important;margin-left: 0px !important;border-top-width: 0px !important;border-right-width: 0px !important;border-bottom-width: 0px !important;border-left-width: 0px !important;padding-top: 40px !important;padding-right: 0px !important;padding-bottom: 60px !important;padding-left: 0px !important;}&#8221; offset=&#8221;vc_col-lg-offset-1 vc_col-lg-4 vc_col-md-offset-1 vc_col-md-5 vc_col-sm-offset-0&#8243; el_class=&#8221;mobile-order-1&#8243;][vc_empty_space height=&#8221;30px&#8221;][vc_column_text css=&#8221;&#8221;]<\/p>\n<h2 class=\"p1\"><span class=\"s1\">Le nostre linee guida per il rispetto della privacy:<\/span><\/h2>\n<p>[\/vc_column_text]<div class=\"standard-arrow list-divider bullet-top\"><ul>\n<li class=\"CorpoA\">A meno di una esplicita autorizzazione, Artphoto Evaluna\u00a0<strong>non<\/strong>\u00a0duplica, stampa, distribuisce o pubblica il materiale Fotografico dei propri clienti. Il lavoro che realizziamo \u00e8 strettamente personale e confidenziale.<\/li>\n<li class=\"CorpoA\">I Campionari che realizziamo con foto dei nostri clienti\u00a0<strong>sono stati autorizzati e visionati<\/strong>. Sugli stessi \u00e8 sempre stampato il logo dell\u2019autore delle immagini.<\/li>\n<li class=\"CorpoA\">Solo le persone direttamente coinvolte nel workflow produttivo gestiscono le foto oggetto di album e stampe,\u00a0<strong>nessun altro \u00e8 autorizzato a prenderne visione<\/strong>.<\/li>\n<li class=\"CorpoA\">Una volta consegnato il lavoro e trascorsi i tempi tecnici per l\u2019opportuna presa visione da parte del cliente, i nostri operatori rimuovono i\u00a0<strong>files dal server<\/strong>.<\/li>\n<li class=\"CorpoA\">I prodotti ritenuti difettosi, prima dello smaltimento vengono opportunamente tagliati in pi\u00f9 parti.<\/li>\n<\/ul>\n<\/div>[vc_column_text css=&#8221;&#8221;]<\/p>\n<p class=\"p1\">Artphoto Evaluna \u00e8 impegnata a prendere qualsiasi misura necessaria ad una corretta gestione delle foto che gli vengono affidate. Ci\u00f2 detto, invitiamo chiunque avesse specifiche richieste di riservatezza a\u00a0<strong>contattarci<\/strong>, saremo ben lieti di valutarle e condividerle.<\/p>\n<p>[\/vc_column_text][\/vc_column][\/vc_row][vc_row][vc_column][vc_empty_space][\/vc_column][\/vc_row][vc_row full_width=&#8221;stretch_row&#8221; type=&#8221;vc_default&#8221; css=&#8221;.vc_custom_1747818954363{padding-top: 45px !important;padding-bottom: 55px !important;background-color: #F2F2F2 !important;}&#8221;][vc_column][vc_column_text css=&#8221;&#8221;]<\/p>\n<h4 style=\"text-align: center;\">Hai domande o vuoi maggiori informazioni?<\/h4>\n<p>[\/vc_column_text][vc_empty_space height=&#8221;25px&#8221;][vc_column_text css=&#8221;&#8221;]<\/p>\n<p style=\"text-align: center;\"><a href=\"mailto:info@artphotoevaluna.com\"><span style=\"color: #333333;\">info@artphotoevaluna.com<\/span><\/a><\/p>\n<p>[\/vc_column_text][vc_column_text css=&#8221;&#8221;]<\/p>\n<p style=\"text-align: center;\"><span style=\"color: #333333;\"><i class=\"fa fa-phone-square\" style=\"color: #d0d0d0; padding-right: 10px;\"><\/i><a href=\"tel:+390744978249\">0744 978249<\/a><\/span><\/p>\n<p>[\/vc_column_text][vc_empty_space height=&#8221;15px&#8221;]<div class=\" vc_custom_1456922448725 uavc-icons-center uavc-icons \">\n<a class=\"aio-tooltip 69f0a56d1ba07\" href=\"https:\/\/api.whatsapp.com\/send?phone=393248975577&text=\" target=\"_blank\" rel=\"noopener\"  data-toggle=\"tooltip\" data-placement=\"top\" title=\"whatsapp\"><div class=\"aio-icon circle \" data-animation=\"\" data-animation-delay=\"03\" style=\"color:#FFFFFF;background:#A8B906;font-size:16px;margin-right:3px;\">\n\t<i class=\"icomoon-the7-font-whatsapp\"><\/i>\n<\/div><\/a>\n<a class=\"aio-tooltip 69f0a56d1bacd\" href=\"https:\/\/www.facebook.com\/artphotoevaluna\" target=\"_blank\" rel=\"noopener\"  data-toggle=\"tooltip\" data-placement=\"top\" title=\"facebook\"><div class=\"aio-icon circle \" data-animation=\"\" data-animation-delay=\"03\" style=\"color:#FFFFFF;background:#A8B906;font-size:16px;margin-right:3px;\">\n\t<i class=\"Defaults-facebook-square\"><\/i>\n<\/div><\/a>\n<a class=\"aio-tooltip 69f0a56d1bb5a\" href=\"https:\/\/www.instagram.com\/artphotoevaluna\" target=\"_blank\" rel=\"noopener\"  data-toggle=\"tooltip\" data-placement=\"top\" title=\"instagram\"><div class=\"aio-icon circle \" data-animation=\"\" data-animation-delay=\"03\" style=\"color:#FFFFFF;background:#A8B906;font-size:16px;\">\n\t<i class=\"icomoon-the7-font-instagram\"><\/i>\n<\/div><\/a>\n<a class=\"aio-tooltip 69f0a56d1bc3d\" href=\"https:\/\/it.pinterest.com\/artphotoevaluna\/\" target=\"_blank\" rel=\"noopener\"  data-toggle=\"tooltip\" data-placement=\"top\" title=\"pinterest\"><div class=\"aio-icon circle \" data-animation=\"\" data-animation-delay=\"03\" style=\"color:#FFFFFF;background:#A8B906;font-size:16px;\">\n\t<i class=\"Defaults-pinterest\"><\/i>\n<\/div><\/a>\n<a class=\"aio-tooltip 69f0a56d1bccb\" href=\"https:\/\/www.youtube.com\/@artphotoevaluna13\" target=\"_blank\" rel=\"noopener\"  data-toggle=\"tooltip\" data-placement=\"top\" title=\"youtube\"><div class=\"aio-icon circle \" data-animation=\"\" data-animation-delay=\"03\" style=\"color:#FFFFFF;background:#A8B906;font-size:16px;\">\n\t<i class=\"Defaults-youtube\"><\/i>\n<\/div><\/a><\/div>[\/vc_column][\/vc_row]<\/p>\n<\/div>","protected":false},"excerpt":{"rendered":"<p>[vc_row type=&#8221;vc_default&#8221; min_height=&#8221;650px&#8221;][vc_column][\/vc_column][\/vc_row][vc_row][vc_column][\/vc_column][\/vc_row][vc_row type=&#8221;vc_default&#8221;][vc_column offset=&#8221;vc_hidden-sm vc_hidden-xs&#8221;][vc_empty_space][vc_empty_space][vc_empty_space][\/vc_column][\/vc_row][vc_row full_width=&#8221;stretch_row_content&#8221; equal_height=&#8221;yes&#8221; content_placement=&#8221;middle&#8221; bg_type=&#8221;bg_color&#8221; bg_override=&#8221;ex-full&#8221; type=&#8221;vc_default&#8221; css=&#8221;.vc_custom_1747398857715{padding-right: 60px !important;padding-left: 60px !important;background-color: #ffffff !important;}&#8221; bg_color_value=&#8221;#ffffff&#8221; el_class=&#8221;hide-mobile-paddings&#8221;][vc_column css=&#8221;.vc_custom_1742397427639{padding-top: 40px !important;padding-bottom: 60px !important;padding-left: 60px !important;}&#8221; offset=&#8221;vc_col-lg-offset-0 vc_col-lg-5 vc_col-md-offset-0 vc_col-md-6&#8243;][vc_column_text css=&#8221;&#8221;] Il rispetto della privacy. [\/vc_column_text][vc_column_text css=&#8221;&#8221;] Conciliare fotografia e rispetto della privacy \u00e8 fondamentale per Artphoto Evaluna. Proprio per questo motivo cerchiamo&hellip;<\/p>\n","protected":false},"author":13,"featured_media":0,"parent":0,"menu_order":0,"comment_status":"closed","ping_status":"closed","template":"template-microsite.php","meta":{"_monsterinsights_skip_tracking":false,"_monsterinsights_sitenote_active":false,"_monsterinsights_sitenote_note":"","_monsterinsights_sitenote_category":0,"_uf_show_specific_survey":0,"_uf_disable_surveys":false,"footnotes":""},"class_list":["post-71307","page","type-page","status-publish","hentry","description-off"],"_links":{"self":[{"href":"https:\/\/www.artphotoevaluna.com\/it\/wp-json\/wp\/v2\/pages\/71307","targetHints":{"allow":["GET"]}}],"collection":[{"href":"https:\/\/www.artphotoevaluna.com\/it\/wp-json\/wp\/v2\/pages"}],"about":[{"href":"https:\/\/www.artphotoevaluna.com\/it\/wp-json\/wp\/v2\/types\/page"}],"author":[{"embeddable":true,"href":"https:\/\/www.artphotoevaluna.com\/it\/wp-json\/wp\/v2\/users\/13"}],"replies":[{"embeddable":true,"href":"https:\/\/www.artphotoevaluna.com\/it\/wp-json\/wp\/v2\/comments?post=71307"}],"version-history":[{"count":9,"href":"https:\/\/www.artphotoevaluna.com\/it\/wp-json\/wp\/v2\/pages\/71307\/revisions"}],"predecessor-version":[{"id":72411,"href":"https:\/\/www.artphotoevaluna.com\/it\/wp-json\/wp\/v2\/pages\/71307\/revisions\/72411"}],"wp:attachment":[{"href":"https:\/\/www.artphotoevaluna.com\/it\/wp-json\/wp\/v2\/media?parent=71307"}],"curies":[{"name":"wp","href":"https:\/\/api.w.org\/{rel}","templated":true}]}}