{"id":62396,"date":"2022-07-06T12:43:25","date_gmt":"2022-07-06T12:43:25","guid":{"rendered":"https:\/\/www.artphotoevaluna.com\/?page_id=62396"},"modified":"2025-05-30T12:40:31","modified_gmt":"2025-05-30T12:40:31","slug":"stampe-fine-art-old","status":"publish","type":"page","link":"https:\/\/www.artphotoevaluna.com\/it\/stampe-fine-art-old\/","title":{"rendered":"Stampe Fine Art"},"content":{"rendered":"<div class=\"wpb-content-wrapper\"><p>[vc_row][vc_column][vc_empty_space height=&#8221;48px&#8221;][vc_row_inner][vc_column_inner]<div class=\"dt-fancy-separator h5-size title-color accent-border-color\" style=\"width: 100%;\"><div class=\"dt-fancy-title\"><span class=\"separator-holder separator-left\"><\/span>STAMPE FINE ART<span class=\"separator-holder separator-right\"><\/span><\/div><\/div>[vc_empty_space height=&#8221;12px&#8221;][vc_single_image image=&#8221;62408&#8243; img_size=&#8221;full&#8221; alignment=&#8221;center&#8221; onclick=&#8221;custom_link&#8221; link=&#8221;#!\/stampe&#8221;][\/vc_column_inner][\/vc_row_inner][\/vc_column][\/vc_row][vc_row][vc_column][vc_row_inner disable_element=&#8221;yes&#8221;][vc_column_inner width=&#8221;1\/12&#8243;][\/vc_column_inner][vc_column_inner width=&#8221;5\/12&#8243;][vc_btn title=&#8221;PRENOTA UN APPUNTAMENTO ONLINE&#8221; style=&#8221;custom&#8221; custom_background=&#8221;#a8b906&#8243; custom_text=&#8221;#ffffff&#8221; size=&#8221;lg&#8221; align=&#8221;center&#8221; i_icon_fontawesome=&#8221;fas fa-headset&#8221; button_block=&#8221;true&#8221; add_icon=&#8221;true&#8221;][\/vc_column_inner][vc_column_inner width=&#8221;5\/12&#8243;][vc_btn title=&#8221;RICHIEDI UN PREVENTIVO&#8221; style=&#8221;custom&#8221; custom_background=&#8221;#a8b906&#8243; custom_text=&#8221;#ffffff&#8221; size=&#8221;lg&#8221; align=&#8221;center&#8221; i_icon_fontawesome=&#8221;far fa-edit&#8221; button_block=&#8221;true&#8221; add_icon=&#8221;true&#8221;][\/vc_column_inner][vc_column_inner width=&#8221;1\/12&#8243;][\/vc_column_inner][\/vc_row_inner][\/vc_column][\/vc_row][vc_row][vc_column][vc_empty_space][\/vc_column][\/vc_row][vc_row anchor=&#8221;#!\/stampe&#8221;][vc_column css=&#8221;.vc_custom_1655383474453{background-color: #f2f2f2 !important;}&#8221;][vc_column_text]<\/p>\n<h3 style=\"text-align: center;\">STAMPE FINE ART: QUANDO L&#8217;IMMAGINE ESCE DALLA MATERIA E DIVENTA VITA&#8230;<\/h3>\n<p>[\/vc_column_text][vc_column_text]Stampe Fine Art disponibili nei nostri formati standard e in soluzioni personalizzate.\u00a0Un prodotto di altissima qualit\u00e0 e prestigio stampato con tecnologia Epson di ultima generazione sulle migliori superfici in <strong><em>Carta Cotone 100%<\/em><\/strong> e in <strong><em>Fibra di Cellulosa<\/em><\/strong>.<\/p>\n<p>La qualit\u00e0 di stampa \u00e8 garantita dall&#8217;esperienza del nostro staff di laboratorio e da <strong>stampanti e inchiostri originali Epson<\/strong>, costantemente rinnovati e implementati.<\/p>\n<p>La linearizzazione e la creazione di profili dedicati ad ogni singolo supporto vengono scrupolosamente realizzate in azienda e controllate frequentemente per garantire il massimo della qualit\u00e0 e della stabilit\u00e0 di stampa.[\/vc_column_text][vc_column_text]<\/p>\n<h4 style=\"text-align: center;\">LE CARTE<\/h4>\n<p>[\/vc_column_text][vc_row_inner equal_height=&#8221;yes&#8221;][vc_column_inner width=&#8221;1\/2&#8243;]<div class=\"smile_icon_list_wrap ult_info_list_container ult-adjust-bottom-margin   vc_custom_1657123019907\"><ul class=\"smile_icon_list left circle with_bg\"><li class=\"icon_list_item\" style=\" font-size:90px;\"><div class=\"icon_list_icon\" data-animation=\"\" data-animation-delay=\"03\" style=\"font-size:30px;border-width:1px;border-style:none;background:#ffffff;color:#333333;border-color:#333333;\"><img decoding=\"async\" class=\"list-img-icon\" alt=\"null\" src=\"https:\/\/www.artphotoevaluna.com\/wp-content\/uploads\/2022\/06\/Photo-Matte.jpg\"\/><\/div><div class=\"icon_description\" id=\"Info-list-wrap-2605\" style=\"font-size:30px;\"><p class=\"ult-responsive info-list-heading\"  data-ultimate-target='#Info-list-wrap-2605 p'  data-responsive-json-new='{\"font-size\":\"desktop:12px;\",\"line-height\":\"desktop:24px;\"}'  style=\"\">Photo Matte - Fibra di Cellulosa, 230 gr.<\/p><div class=\"icon_description_text ult-responsive\"  data-ultimate-target='#Info-list-wrap-2605 .icon_description_text'  data-responsive-json-new='{\"font-size\":\"desktop:13px;\",\"line-height\":\"desktop:18px;\"}'  style=\"\"><p>Una carta dalla superficie morbida e vellutata con un&#8217;autentica finitura opaca.<br \/>\n<strong><em>Bianco ottico<\/em><\/strong><\/p>\n<\/div><\/div><div class=\"icon_list_connector\"  style=\"border: none !important;\"><\/div><\/li><li class=\"icon_list_item\" style=\" font-size:90px;\"><div class=\"icon_list_icon\" data-animation=\"\" data-animation-delay=\"03\" style=\"font-size:30px;border-width:1px;border-style:none;background:#ffffff;color:#333333;border-color:#333333;\"><img decoding=\"async\" class=\"list-img-icon\" alt=\"null\" src=\"https:\/\/www.artphotoevaluna.com\/wp-content\/uploads\/2019\/05\/ArtPrint.jpg\"\/><\/div><div class=\"icon_description\" id=\"Info-list-wrap-2047\" style=\"font-size:30px;\"><p class=\"ult-responsive info-list-heading\"  data-ultimate-target='#Info-list-wrap-2047 p'  data-responsive-json-new='{\"font-size\":\"desktop:12px;\",\"line-height\":\"desktop:24px;\"}'  style=\"\">Art Print Natural White - Fibra di Cotone 100%, 210 gr.<\/p><div class=\"icon_description_text ult-responsive\"  data-ultimate-target='#Info-list-wrap-2047 .icon_description_text'  data-responsive-json-new='{\"font-size\":\"desktop:13px;\",\"line-height\":\"desktop:18px;\"}'  style=\"\"><p>Una carta 100% Cotone opaca con una superficie leggermente strutturata.<br \/>\n<strong><em>Bianco naturale<\/em><\/strong><\/p>\n<\/div><\/div><div class=\"icon_list_connector\"  style=\"border: none !important;\"><\/div><\/li><li class=\"icon_list_item\" style=\" font-size:90px;\"><div class=\"icon_list_icon\" data-animation=\"\" data-animation-delay=\"03\" style=\"font-size:30px;border-width:1px;border-style:none;background:#ffffff;color:#333333;border-color:#333333;\"><img decoding=\"async\" class=\"list-img-icon\" alt=\"null\" src=\"https:\/\/www.artphotoevaluna.com\/wp-content\/uploads\/2019\/05\/ArtPrint.jpg\"\/><\/div><div class=\"icon_description\" id=\"Info-list-wrap-7641\" style=\"font-size:30px;\"><p class=\"ult-responsive info-list-heading\"  data-ultimate-target='#Info-list-wrap-7641 p'  data-responsive-json-new='{\"font-size\":\"desktop:12px;\",\"line-height\":\"desktop:24px;\"}'  style=\"\">Art Print Natural White - Fibra di Cotone 100%, 310 gr.<\/p><div class=\"icon_description_text ult-responsive\"  data-ultimate-target='#Info-list-wrap-7641 .icon_description_text'  data-responsive-json-new='{\"font-size\":\"desktop:13px;\",\"line-height\":\"desktop:18px;\"}'  style=\"\"><p>Una carta 100% Cotone opaca con una superficie leggermente strutturata.<br \/>\n<strong><em>Bianco naturale<\/em><\/strong><\/p>\n<\/div><\/div><div class=\"icon_list_connector\"  style=\"border: none !important;\"><\/div><\/li><\/ul><\/div>[\/vc_column_inner][vc_column_inner width=&#8221;1\/2&#8243;][vc_column_text]<\/p>\n<p style=\"text-align: left;\">Abbiamo selezionato una quantit\u00e0 di Carte di grande pregio, l&#8217;obiettivo \u00e8 quello di\u00a0offrire ci\u00f2 che riteniamo attualmente essere il meglio nel mondo della Stampa Fine Art.<\/p>\n<p style=\"text-align: left;\">Pur avendo caratteristiche proprie e peculiarit\u00e0 ben definite, le carte scelte sono tutte in grado di rispondere e soddisfare i canoni di qualit\u00e0 e unicit\u00e0 che ci siamo imposti.<\/p>\n<p style=\"text-align: left;\">I supporti che utilizziamo sono inoltre privi di acidi e di clorite, per preservare dall&#8217;ossidazione e conferire una maggiore durata e stabilit\u00e0 nel tempo delle immagini.<\/p>\n<p style=\"text-align: left;\">Tutte le carte a disposizione garantiscono una gamma di colori riproducibili estremamente ampia ed una qualit\u00e0 impareggiabile.<\/p>\n<p>[\/vc_column_text][\/vc_column_inner][\/vc_row_inner][\/vc_column][\/vc_row][vc_row anchor=&#8221;#!\/passepartout&#8221;][vc_column css=&#8221;.vc_custom_1654767654139{background-color: #f2f2f2 !important;}&#8221;][vc_separator color=&#8221;custom&#8221; accent_color=&#8221;#a8b906&#8243;][vc_column_text]<\/p>\n<h3 style=\"text-align: center;\">I PASSEPARTOUT<\/h3>\n<p>[\/vc_column_text]<div id=\"ult-carousel-340226676869e1c1fbe686b\" class=\"ult-carousel-wrapper   ult_horizontal\" data-gutter=\"2\" data-rtl=\"false\" ><div class=\"ult-carousel-70033902669e1c1fbe675f \" >[vc_single_image image=&#8221;62422&#8243; img_size=&#8221;&#8221;][vc_single_image image=&#8221;62432&#8243; img_size=&#8221;&#8221;][vc_single_image image=&#8221;62430&#8243; img_size=&#8221;&#8221;][vc_single_image image=&#8221;62424&#8243; img_size=&#8221;&#8221;][vc_single_image image=&#8221;62426&#8243; img_size=&#8221;&#8221;][vc_single_image image=&#8221;62440&#8243; img_size=&#8221;&#8221;]<\/div><\/div>\t\t\t<script type=\"text\/javascript\">\n\t\t\t\tjQuery(document).ready(function ($) {\n\t\t\t\t\tif( typeof jQuery('.ult-carousel-70033902669e1c1fbe675f').slick == \"function\"){\n\t\t\t\t\t\t$('.ult-carousel-70033902669e1c1fbe675f').slick({dots: true,autoplay: true,autoplaySpeed: \"5000\",speed: \"300\",infinite: true,arrows: true,nextArrow: '<button type=\"button\" role=\"button\" aria-label=\"Next\" style=\"color:#ffffff; font-size:20px;\" class=\"slick-next default\"><i class=\"ultsl-arrow-right3\"><\/i><\/button>',prevArrow: '<button type=\"button\" role=\"button\" aria-label=\"Previous\" style=\"color:#ffffff; font-size:20px;\" class=\"slick-prev default\"><i class=\"ultsl-arrow-left3\"><\/i><\/button>',slidesToScroll:5,slidesToShow:5,swipe: true,draggable: true,touchMove: true,pauseOnHover: true,pauseOnFocus: false,responsive: [\n\t\t\t\t\t\t\t{\n\t\t\t\t\t\t\t  breakpoint: 1026,\n\t\t\t\t\t\t\t  settings: {\n\t\t\t\t\t\t\t\tslidesToShow: 5,\n\t\t\t\t\t\t\t\tslidesToScroll: 5,  \n\t\t\t\t\t\t\t  }\n\t\t\t\t\t\t\t},\n\t\t\t\t\t\t\t{\n\t\t\t\t\t\t\t  breakpoint: 1025,\n\t\t\t\t\t\t\t  settings: {\n\t\t\t\t\t\t\t\tslidesToShow: 3,\n\t\t\t\t\t\t\t\tslidesToScroll: 3\n\t\t\t\t\t\t\t  }\n\t\t\t\t\t\t\t},\n\t\t\t\t\t\t\t{\n\t\t\t\t\t\t\t  breakpoint: 760,\n\t\t\t\t\t\t\t  settings: {\n\t\t\t\t\t\t\t\tslidesToShow: 2,\n\t\t\t\t\t\t\t\tslidesToScroll: 2\n\t\t\t\t\t\t\t  }\n\t\t\t\t\t\t\t}\n\t\t\t\t\t\t],pauseOnDotsHover: true,customPaging: function(slider, i) {\n                   return '<i type=\"button\" style= \"color:#333333;\" class=\"ultsl-record\" data-role=\"none\"><\/i>';\n                },});\n\t\t\t\t\t}\n\t\t\t\t});\n\t\t\t<\/script>\n\t\t\t[vc_column_text]I nostri Passepartout in Fibra di Cotone 100% sono completamente Acid free e Chlorine free. Una raffinata soluzione per archiviare o esporre le proprie Stampe Fine Art.<\/p>\n<p>I Passepartout hanno uno spessore di 1,8mm e sono disponibili nei formati standard o in dimensioni personalizzate. Possono essere realizzati inoltre sia con foro singolo che nella versione a foro multiplo.<\/p>\n<p>Un foglio in Fibra di Cotone 100% (<strong><em>Barri\u00e8re<\/em><\/strong>) viene generalmente utilizzato per chiudere e rifinire il lato posteriore del Passepartout.[\/vc_column_text][\/vc_column][\/vc_row][vc_row full_width_row=&#8221;true&#8221;][vc_column][vc_empty_space][vc_empty_space]<div class=\"dt-photos-shortcode slider-wrapper owl-carousel dt-owl-carousel-init  shortcode-instagram dt-gallery-container arrows-accent enable-mobile-arrows\" data-padding-side=\"0\" data-autoslide=\"true\" data-delay=\"3000\" data-loop=\"true\" data-arrows=\"true\" data-pretty-share=\"pinterest,whatsapp,facebook\">\n<article class=\"post post-38410 attachment type-attachment status-inherit hentry no-img description-off\">\n\n\t<figure class=\"rollover-project links-hovers-disabled\">\n\t<a href=\"https:\/\/www.artphotoevaluna.com\/wp-content\/uploads\/2017\/04\/professional-wedding-album-anima-detail.png\" class=\"rollover rollover-zoom dt-pswp-item\" title=\"professional-wedding-album-anima-detail\" data-dt-img-description=\"\"  data-large_image_width=\"1120\" data-large_image_height = \"720\"  data-dt-location=\"https:\/\/www.artphotoevaluna.com\/it\/professional-wedding-album-anima-detail\/\" ><img decoding=\"async\" class=\"preload-me aspect\" src=\"https:\/\/www.artphotoevaluna.com\/wp-content\/uploads\/2017\/04\/professional-wedding-album-anima-detail-186x120.png\" srcset=\"https:\/\/www.artphotoevaluna.com\/wp-content\/uploads\/2017\/04\/professional-wedding-album-anima-detail-186x120.png 186w, https:\/\/www.artphotoevaluna.com\/wp-content\/uploads\/2017\/04\/professional-wedding-album-anima-detail-372x240.png 372w\" style=\"--ratio: 186 \/ 120\" sizes=\"(max-width: 186px) 100vw, 186px\" alt=\"\" width=\"186\" height=\"120\"  \/><\/a>\t<\/figure>\n<\/article>\n\n\n<article class=\"post post-38404 attachment type-attachment status-inherit hentry no-img description-off\">\n\n\t<figure class=\"rollover-project links-hovers-disabled\">\n\t<a href=\"https:\/\/www.artphotoevaluna.com\/wp-content\/uploads\/2017\/04\/impronta-color-for-wedding-albums.png\" class=\"rollover rollover-zoom dt-pswp-item\" title=\"impronta-color-for-wedding-albums\" data-dt-img-description=\"\"  data-large_image_width=\"1120\" data-large_image_height = \"720\"  data-dt-location=\"https:\/\/www.artphotoevaluna.com\/it\/impronta-color-for-wedding-albums\/\" ><img decoding=\"async\" class=\"preload-me aspect\" src=\"https:\/\/www.artphotoevaluna.com\/wp-content\/uploads\/2017\/04\/impronta-color-for-wedding-albums-186x120.png\" srcset=\"https:\/\/www.artphotoevaluna.com\/wp-content\/uploads\/2017\/04\/impronta-color-for-wedding-albums-186x120.png 186w, https:\/\/www.artphotoevaluna.com\/wp-content\/uploads\/2017\/04\/impronta-color-for-wedding-albums-372x240.png 372w\" style=\"--ratio: 186 \/ 120\" sizes=\"(max-width: 186px) 100vw, 186px\" alt=\"\" width=\"186\" height=\"120\"  \/><\/a>\t<\/figure>\n<\/article>\n\n\n<article class=\"post post-38411 attachment type-attachment status-inherit hentry no-img description-off\">\n\n\t<figure class=\"rollover-project links-hovers-disabled\">\n\t<a href=\"https:\/\/www.artphotoevaluna.com\/wp-content\/uploads\/2017\/04\/professional-wedding-albums-with-parents.png\" class=\"rollover rollover-zoom dt-pswp-item\" title=\"professional-wedding-albums-with-parents\" data-dt-img-description=\"\"  data-large_image_width=\"1120\" data-large_image_height = \"720\"  data-dt-location=\"https:\/\/www.artphotoevaluna.com\/it\/professional-wedding-albums-with-parents\/\" ><img decoding=\"async\" class=\"preload-me aspect\" src=\"https:\/\/www.artphotoevaluna.com\/wp-content\/uploads\/2017\/04\/professional-wedding-albums-with-parents-186x120.png\" srcset=\"https:\/\/www.artphotoevaluna.com\/wp-content\/uploads\/2017\/04\/professional-wedding-albums-with-parents-186x120.png 186w, https:\/\/www.artphotoevaluna.com\/wp-content\/uploads\/2017\/04\/professional-wedding-albums-with-parents-372x240.png 372w\" style=\"--ratio: 186 \/ 120\" sizes=\"(max-width: 186px) 100vw, 186px\" alt=\"\" width=\"186\" height=\"120\"  \/><\/a>\t<\/figure>\n<\/article>\n\n\n<article class=\"post post-38407 attachment type-attachment status-inherit hentry no-img description-off\">\n\n\t<figure class=\"rollover-project links-hovers-disabled\">\n\t<a href=\"https:\/\/www.artphotoevaluna.com\/wp-content\/uploads\/2017\/04\/parents-wedding-albums.png\" class=\"rollover rollover-zoom dt-pswp-item\" title=\"parents-wedding-albums\" data-dt-img-description=\"\"  data-large_image_width=\"1120\" data-large_image_height = \"720\"  data-dt-location=\"https:\/\/www.artphotoevaluna.com\/it\/parents-wedding-albums\/\" ><img decoding=\"async\" class=\"preload-me aspect\" src=\"https:\/\/www.artphotoevaluna.com\/wp-content\/uploads\/2017\/04\/parents-wedding-albums-186x120.png\" srcset=\"https:\/\/www.artphotoevaluna.com\/wp-content\/uploads\/2017\/04\/parents-wedding-albums-186x120.png 186w, https:\/\/www.artphotoevaluna.com\/wp-content\/uploads\/2017\/04\/parents-wedding-albums-372x240.png 372w\" style=\"--ratio: 186 \/ 120\" sizes=\"(max-width: 186px) 100vw, 186px\" alt=\"\" width=\"186\" height=\"120\"  \/><\/a>\t<\/figure>\n<\/article>\n\n\n<article class=\"post post-38412 attachment type-attachment status-inherit hentry no-img description-off\">\n\n\t<figure class=\"rollover-project links-hovers-disabled\">\n\t<a href=\"https:\/\/www.artphotoevaluna.com\/wp-content\/uploads\/2017\/04\/senso-color-for-boudoir.png\" class=\"rollover rollover-zoom dt-pswp-item\" title=\"senso-color-for-boudoir\" data-dt-img-description=\"\"  data-large_image_width=\"1120\" data-large_image_height = \"720\"  data-dt-location=\"https:\/\/www.artphotoevaluna.com\/it\/senso-color-for-boudoir\/\" ><img decoding=\"async\" class=\"preload-me aspect\" src=\"https:\/\/www.artphotoevaluna.com\/wp-content\/uploads\/2017\/04\/senso-color-for-boudoir-186x120.png\" srcset=\"https:\/\/www.artphotoevaluna.com\/wp-content\/uploads\/2017\/04\/senso-color-for-boudoir-186x120.png 186w, https:\/\/www.artphotoevaluna.com\/wp-content\/uploads\/2017\/04\/senso-color-for-boudoir-372x240.png 372w\" style=\"--ratio: 186 \/ 120\" sizes=\"(max-width: 186px) 100vw, 186px\" alt=\"\" width=\"186\" height=\"120\"  \/><\/a>\t<\/figure>\n<\/article>\n\n\n<article class=\"post post-38402 attachment type-attachment status-inherit hentry no-img description-off\">\n\n\t<figure class=\"rollover-project links-hovers-disabled\">\n\t<a href=\"https:\/\/www.artphotoevaluna.com\/wp-content\/uploads\/2017\/04\/artphoto-evaluna-wedding-abum-picture.png\" class=\"rollover rollover-zoom dt-pswp-item\" title=\"artphoto-evaluna-wedding-abum-picture\" data-dt-img-description=\"\"  data-large_image_width=\"1120\" data-large_image_height = \"720\"  data-dt-location=\"https:\/\/www.artphotoevaluna.com\/it\/artphoto-evaluna-wedding-abum-picture\/\" ><img decoding=\"async\" class=\"preload-me aspect\" src=\"https:\/\/www.artphotoevaluna.com\/wp-content\/uploads\/2017\/04\/artphoto-evaluna-wedding-abum-picture-186x120.png\" srcset=\"https:\/\/www.artphotoevaluna.com\/wp-content\/uploads\/2017\/04\/artphoto-evaluna-wedding-abum-picture-186x120.png 186w, https:\/\/www.artphotoevaluna.com\/wp-content\/uploads\/2017\/04\/artphoto-evaluna-wedding-abum-picture-372x240.png 372w\" style=\"--ratio: 186 \/ 120\" sizes=\"(max-width: 186px) 100vw, 186px\" alt=\"\" width=\"186\" height=\"120\"  \/><\/a>\t<\/figure>\n<\/article>\n\n\n<article class=\"post post-38408 attachment type-attachment status-inherit hentry no-img description-off\">\n\n\t<figure class=\"rollover-project links-hovers-disabled\">\n\t<a href=\"https:\/\/www.artphotoevaluna.com\/wp-content\/uploads\/2017\/04\/portrait-photo-book-detail.png\" class=\"rollover rollover-zoom dt-pswp-item\" title=\"portrait-photo-book-detail\" data-dt-img-description=\"\"  data-large_image_width=\"1120\" data-large_image_height = \"720\"  data-dt-location=\"https:\/\/www.artphotoevaluna.com\/it\/portrait-photo-book-detail\/\" ><img decoding=\"async\" class=\"preload-me aspect\" src=\"https:\/\/www.artphotoevaluna.com\/wp-content\/uploads\/2017\/04\/portrait-photo-book-detail-186x120.png\" srcset=\"https:\/\/www.artphotoevaluna.com\/wp-content\/uploads\/2017\/04\/portrait-photo-book-detail-186x120.png 186w, https:\/\/www.artphotoevaluna.com\/wp-content\/uploads\/2017\/04\/portrait-photo-book-detail-372x240.png 372w\" style=\"--ratio: 186 \/ 120\" sizes=\"(max-width: 186px) 100vw, 186px\" alt=\"\" width=\"186\" height=\"120\"  \/><\/a>\t<\/figure>\n<\/article>\n\n\n<article class=\"post post-38403 attachment type-attachment status-inherit hentry no-img description-off\">\n\n\t<figure class=\"rollover-project links-hovers-disabled\">\n\t<a href=\"https:\/\/www.artphotoevaluna.com\/wp-content\/uploads\/2017\/04\/coffe-table-book-aria-detail.png\" class=\"rollover rollover-zoom dt-pswp-item\" title=\"coffe-table-book-aria-detail\" data-dt-img-description=\"\"  data-large_image_width=\"1120\" data-large_image_height = \"720\"  data-dt-location=\"https:\/\/www.artphotoevaluna.com\/it\/coffe-table-book-aria-detail\/\" ><img decoding=\"async\" class=\"preload-me aspect\" src=\"https:\/\/www.artphotoevaluna.com\/wp-content\/uploads\/2017\/04\/coffe-table-book-aria-detail-186x120.png\" srcset=\"https:\/\/www.artphotoevaluna.com\/wp-content\/uploads\/2017\/04\/coffe-table-book-aria-detail-186x120.png 186w, https:\/\/www.artphotoevaluna.com\/wp-content\/uploads\/2017\/04\/coffe-table-book-aria-detail-372x240.png 372w\" style=\"--ratio: 186 \/ 120\" sizes=\"(max-width: 186px) 100vw, 186px\" alt=\"\" width=\"186\" height=\"120\"  \/><\/a>\t<\/figure>\n<\/article>\n\n\n<article class=\"post post-38409 attachment type-attachment status-inherit hentry no-img description-off\">\n\n\t<figure class=\"rollover-project links-hovers-disabled\">\n\t<a href=\"https:\/\/www.artphotoevaluna.com\/wp-content\/uploads\/2017\/04\/portrait-photo-book-idea-kids-picture.png\" class=\"rollover rollover-zoom dt-pswp-item\" title=\"portrait-photo-book-idea-kids-picture\" data-dt-img-description=\"\"  data-large_image_width=\"1120\" data-large_image_height = \"720\"  data-dt-location=\"https:\/\/www.artphotoevaluna.com\/it\/portrait-photo-book-idea-kids-picture\/\" ><img decoding=\"async\" class=\"preload-me aspect\" src=\"https:\/\/www.artphotoevaluna.com\/wp-content\/uploads\/2017\/04\/portrait-photo-book-idea-kids-picture-186x120.png\" srcset=\"https:\/\/www.artphotoevaluna.com\/wp-content\/uploads\/2017\/04\/portrait-photo-book-idea-kids-picture-186x120.png 186w, https:\/\/www.artphotoevaluna.com\/wp-content\/uploads\/2017\/04\/portrait-photo-book-idea-kids-picture-372x240.png 372w\" style=\"--ratio: 186 \/ 120\" sizes=\"(max-width: 186px) 100vw, 186px\" alt=\"\" width=\"186\" height=\"120\"  \/><\/a>\t<\/figure>\n<\/article>\n\n\n<article class=\"post post-38406 attachment type-attachment status-inherit hentry no-img description-off\">\n\n\t<figure class=\"rollover-project links-hovers-disabled\">\n\t<a href=\"https:\/\/www.artphotoevaluna.com\/wp-content\/uploads\/2017\/04\/one-box-green-brown-professional-wedding-abum.png\" class=\"rollover rollover-zoom dt-pswp-item\" title=\"one-box-green-brown-professional-wedding-abum\" data-dt-img-description=\"\"  data-large_image_width=\"1120\" data-large_image_height = \"720\"  data-dt-location=\"https:\/\/www.artphotoevaluna.com\/it\/one-box-green-brown-professional-wedding-abum\/\" ><img decoding=\"async\" class=\"preload-me aspect\" src=\"https:\/\/www.artphotoevaluna.com\/wp-content\/uploads\/2017\/04\/one-box-green-brown-professional-wedding-abum-186x120.png\" srcset=\"https:\/\/www.artphotoevaluna.com\/wp-content\/uploads\/2017\/04\/one-box-green-brown-professional-wedding-abum-186x120.png 186w, https:\/\/www.artphotoevaluna.com\/wp-content\/uploads\/2017\/04\/one-box-green-brown-professional-wedding-abum-372x240.png 372w\" style=\"--ratio: 186 \/ 120\" sizes=\"(max-width: 186px) 100vw, 186px\" alt=\"\" width=\"186\" height=\"120\"  \/><\/a>\t<\/figure>\n<\/article>\n\n<\/div>[\/vc_column][\/vc_row]<\/p>\n<\/div>","protected":false},"excerpt":{"rendered":"<p>[vc_row][vc_column][vc_empty_space height=&#8221;48px&#8221;][vc_row_inner][vc_column_inner][vc_empty_space height=&#8221;12px&#8221;][vc_single_image image=&#8221;62408&#8243; img_size=&#8221;full&#8221; alignment=&#8221;center&#8221; onclick=&#8221;custom_link&#8221; link=&#8221;#!\/stampe&#8221;][\/vc_column_inner][\/vc_row_inner][\/vc_column][\/vc_row][vc_row][vc_column][vc_row_inner disable_element=&#8221;yes&#8221;][vc_column_inner width=&#8221;1\/12&#8243;][\/vc_column_inner][vc_column_inner width=&#8221;5\/12&#8243;][vc_btn title=&#8221;PRENOTA UN APPUNTAMENTO ONLINE&#8221; style=&#8221;custom&#8221; custom_background=&#8221;#a8b906&#8243; custom_text=&#8221;#ffffff&#8221; size=&#8221;lg&#8221; align=&#8221;center&#8221; i_icon_fontawesome=&#8221;fas fa-headset&#8221; button_block=&#8221;true&#8221; add_icon=&#8221;true&#8221;][\/vc_column_inner][vc_column_inner width=&#8221;5\/12&#8243;][vc_btn title=&#8221;RICHIEDI UN PREVENTIVO&#8221; style=&#8221;custom&#8221; custom_background=&#8221;#a8b906&#8243; custom_text=&#8221;#ffffff&#8221; size=&#8221;lg&#8221; align=&#8221;center&#8221; i_icon_fontawesome=&#8221;far fa-edit&#8221; button_block=&#8221;true&#8221; add_icon=&#8221;true&#8221;][\/vc_column_inner][vc_column_inner width=&#8221;1\/12&#8243;][\/vc_column_inner][\/vc_row_inner][\/vc_column][\/vc_row][vc_row][vc_column][vc_empty_space][\/vc_column][\/vc_row][vc_row anchor=&#8221;#!\/stampe&#8221;][vc_column css=&#8221;.vc_custom_1655383474453{background-color: #f2f2f2 !important;}&#8221;][vc_column_text] STAMPE FINE ART: QUANDO L&#8217;IMMAGINE ESCE DALLA MATERIA E DIVENTA VITA&#8230; [\/vc_column_text][vc_column_text]Stampe Fine&hellip;<\/p>\n","protected":false},"author":13,"featured_media":0,"parent":0,"menu_order":137,"comment_status":"closed","ping_status":"closed","template":"","meta":{"_monsterinsights_skip_tracking":false,"_monsterinsights_sitenote_active":false,"_monsterinsights_sitenote_note":"","_monsterinsights_sitenote_category":0,"_uf_show_specific_survey":0,"_uf_disable_surveys":false,"footnotes":""},"class_list":["post-62396","page","type-page","status-publish","hentry","description-off"],"_links":{"self":[{"href":"https:\/\/www.artphotoevaluna.com\/it\/wp-json\/wp\/v2\/pages\/62396","targetHints":{"allow":["GET"]}}],"collection":[{"href":"https:\/\/www.artphotoevaluna.com\/it\/wp-json\/wp\/v2\/pages"}],"about":[{"href":"https:\/\/www.artphotoevaluna.com\/it\/wp-json\/wp\/v2\/types\/page"}],"author":[{"embeddable":true,"href":"https:\/\/www.artphotoevaluna.com\/it\/wp-json\/wp\/v2\/users\/13"}],"replies":[{"embeddable":true,"href":"https:\/\/www.artphotoevaluna.com\/it\/wp-json\/wp\/v2\/comments?post=62396"}],"version-history":[{"count":1,"href":"https:\/\/www.artphotoevaluna.com\/it\/wp-json\/wp\/v2\/pages\/62396\/revisions"}],"predecessor-version":[{"id":72392,"href":"https:\/\/www.artphotoevaluna.com\/it\/wp-json\/wp\/v2\/pages\/62396\/revisions\/72392"}],"wp:attachment":[{"href":"https:\/\/www.artphotoevaluna.com\/it\/wp-json\/wp\/v2\/media?parent=62396"}],"curies":[{"name":"wp","href":"https:\/\/api.w.org\/{rel}","templated":true}]}}